{"id":6039,"date":"2014-09-24T13:12:16","date_gmt":"2014-09-24T13:12:16","guid":{"rendered":"http:\/\/www.dev.theorettransport.com\/service-transport\/"},"modified":"2021-05-18T11:17:23","modified_gmt":"2021-05-18T16:17:23","slug":"transport-services","status":"publish","type":"page","link":"https:\/\/theorettransport.com\/en\/transport-services\/","title":{"rendered":"Transport services"},"content":{"rendered":"<div class=\"wpb-content-wrapper\">[mk_page_section bg_image=&#8221;http:\/\/theorettransport.com\/wp-content\/uploads\/2021\/02\/camion-theoret-transport-opt.jpg&#8221; attachment=&#8221;fixed&#8221; bg_position=&#8221;center center&#8221; bg_repeat=&#8221;no-repeat&#8221; bg_stretch=&#8221;true&#8221; video_color_mask=&#8221;#3f3f3f&#8221; video_opacity=&#8221;0.55&#8243; min_height=&#8221;500&#8243; js_vertical_centered=&#8221;true&#8221; padding_top=&#8221;90&#8243; padding_bottom=&#8221;90&#8243; sidebar=&#8221;sidebar-1&#8243;][vc_column][mk_fancy_title color=&#8221;#ffffff&#8221; size=&#8221;42&#8243; force_font_size=&#8221;true&#8221; size_tablet=&#8221;38&#8243; size_phone=&#8221;32&#8243; font_weight=&#8221;bold&#8221; txt_transform=&#8221;uppercase&#8221; margin_bottom=&#8221;0&#8243; font_family=&#8221;none&#8221; align=&#8221;center&#8221;]WHEN YOU NEED ON-TIME<br \/>\nDELIVERY SERVICE, YOU CAN COUNT ON<br \/>\nTH\u00c9OR\u00caT TRANSPORT INC.[\/mk_fancy_title][mk_button dimension=&#8221;flat&#8221; corner_style=&#8221;rounded&#8221; size=&#8221;large&#8221; url=&#8221;http:\/\/theorettransport.com\/wp-content\/uploads\/formulaire_tt_v8.pdf&#8221; align=&#8221;center&#8221; margin_bottom=&#8221;0&#8243;]PLACE AN ORDER[\/mk_button][\/vc_column][\/mk_page_section][mk_page_section bg_color=&#8221;#f5f6f7&#8243; padding_top=&#8221;105&#8243; padding_bottom=&#8221;105&#8243; sidebar=&#8221;sidebar-1&#8243; first_page=&#8221;false&#8221; last_page=&#8221;false&#8221;][vc_column][mk_fancy_title tag_name=&#8221;h3&#8243; color=&#8221;#444444&#8243; size=&#8221;34&#8243; force_font_size=&#8221;true&#8221; size_phone=&#8221;30&#8243; txt_transform=&#8221;none&#8221; margin_bottom=&#8221;30&#8243; font_family=&#8221;none&#8221; align=&#8221;center&#8221;]A vast range of services<br \/>\n[\/mk_fancy_title][vc_row_inner][vc_column_inner width=&#8221;1\/3&#8243;][mk_flipbox front_background_color=&#8221;#696969&#8243; back_background_color=&#8221;#000000&#8243; min_height=&#8221;375&#8243; image=&#8221;http:\/\/theorettransport.com\/wp-content\/uploads\/camion2-theoret-transport-inc.-crop.jpg&#8221; front_title=&#8221;General transport&#8221; front_title_color=&#8221;#ffffff&#8221; back_title=&#8221;Transport g\u00e9n\u00e9ral&#8221; back_title_color=&#8221;#ffffff&#8221; front_desc_color=&#8221;#ffffff&#8221; back_desc=&#8221;For everything from fragile merchandise and high-volume packages to pharmaceutical equipment, steel, packing materials and food products, we offer maximum service with no minimum required. What\u2019s more, all of our trucks are equipped with hydraulic tailgate lifts.&#8221; back_desc_size=&#8221;15&#8243; back_desc_color=&#8221;#ffffff&#8221;][\/vc_column_inner][vc_column_inner width=&#8221;1\/3&#8243;][mk_flipbox front_background_color=&#8221;#696969&#8243; back_background_color=&#8221;#000000&#8243; min_height=&#8221;375&#8243; image=&#8221;http:\/\/theorettransport.com\/wp-content\/uploads\/transport-pallettes-min-scaled-opr.jpg&#8221; front_title=&#8221;Transport on pallets&#8221; front_title_color=&#8221;#ffffff&#8221; back_title=&#8221;Transport sur palettes&#8221; back_title_color=&#8221;#ffffff&#8221; front_desc_color=&#8221;#ffffff&#8221; back_desc=&#8221;We transport merchandise on pallets, as well as partial loads. Among the clients that rely on us to transport their specialized merchandise are providers of pharmaceutical laboratory equipment. Our pallet transport service includes pickup and delivery of the merchandise, and we even sell used pallets.&#8221; back_desc_size=&#8221;15&#8243; back_desc_color=&#8221;#ffffff&#8221;][\/vc_column_inner][vc_column_inner width=&#8221;1\/3&#8243;][mk_flipbox front_background_color=&#8221;#696969&#8243; back_background_color=&#8221;#000000&#8243; min_height=&#8221;375&#8243; image=&#8221;http:\/\/theorettransport.com\/wp-content\/uploads\/thumb_danger_dangerous_goods_placards-opt.jpg&#8221; front_title=&#8221;Transport of hazardous materials&#8221; front_title_color=&#8221;#ffffff&#8221; back_title=&#8221;Transport of hazardous materials&#8221; back_title_color=&#8221;#ffffff&#8221; front_desc_color=&#8221;#ffffff&#8221; back_desc=&#8221;All of our drivers are licensed to transport these types of merchandise. The transport of hazardous materials\u2014such as petroleum products, explosives and other items that are flammable, corrosive or toxic\u2014is regulated by the government of Quebec in order to minimize the inherent risks. At Th\u00e9or\u00eat Transport Inc., we strictly observe all applicable laws in order to guarantee safe, secure transport.&#8221; back_desc_size=&#8221;15&#8243; back_desc_color=&#8221;#ffffff&#8221;][\/vc_column_inner][\/vc_row_inner][\/vc_column][\/mk_page_section][mk_page_section bg_image=&#8221;http:\/\/theorettransport.com\/wp-content\/uploads\/2021\/02\/camion-theoret-transport-opt.jpg&#8221; attachment=&#8221;fixed&#8221; bg_position=&#8221;center center&#8221; bg_repeat=&#8221;no-repeat&#8221; bg_stretch=&#8221;true&#8221; video_color_mask=&#8221;#001e3d&#8221; full_width=&#8221;true&#8221; padding_top=&#8221;110&#8243; padding_bottom=&#8221;110&#8243; sidebar=&#8221;sidebar-1&#8243; first_page=&#8221;false&#8221; last_page=&#8221;false&#8221;][vc_column][mk_fancy_title tag_name=&#8221;h4&#8243; color=&#8221;#ffffff&#8221; size=&#8221;30&#8243; txt_transform=&#8221;none&#8221; margin_bottom=&#8221;0&#8243; font_family=&#8221;none&#8221; align=&#8221;center&#8221;]Transport of partial loads of merchandise[\/mk_fancy_title][mk_fancy_title tag_name=&#8221;h5&#8243; color=&#8221;rgba(255,255,255,0.5)&#8221; size=&#8221;16&#8243; txt_transform=&#8221;none&#8221; margin_top=&#8221;30&#8243; margin_bottom=&#8221;60&#8243; font_family=&#8221;none&#8221; align=&#8221;center&#8221;]<span style=\"color: #ffffff;\">The truck drivers at Th\u00e9or\u00eat Transport sometimes head out with a full load bound for a single client.<br \/>\nHowever, their vehicles can also be loaded with packages and merchandise for various clients.<\/span><\/p>\n<p><span style=\"color: #ffffff;\">This is what\u2019s known as \u201cless-than-truckload\u201d shipping, which entails multiple small-volume deliveries, rather than a single large-volume load.<\/span><\/p>\n<p><span style=\"color: #ffffff;\">The truck will make a number of different stops to deliver merchandise to each of the clients.<\/span>[\/mk_fancy_title][\/vc_column][\/mk_page_section][vc_row][vc_column css=&#8221;.vc_custom_1411565631425{padding-top: 90px !important;padding-bottom: 100px !important;}&#8221;][mk_fancy_title tag_name=&#8221;h3&#8243; color=&#8221;#444444&#8243; size=&#8221;34&#8243; force_font_size=&#8221;true&#8221; size_phone=&#8221;30&#8243; txt_transform=&#8221;none&#8221; margin_bottom=&#8221;0&#8243; font_family=&#8221;none&#8221; align=&#8221;center&#8221;]Fuel surcharge<br \/>\n<small style=\"display: inline-block; font-size: 60%; line-height: 1.35em; margin: 20px 0 30px;\">To provide you with incomparable service, we update this information regularly.<\/small>[\/mk_fancy_title][vc_row_inner padding=&#8221;0&#8243;][vc_column_inner width=&#8221;1\/6&#8243; css=&#8221;.vc_custom_1411565921617{padding-right: 45px !important;padding-left: 45px !important;}&#8221;][\/vc_column_inner][vc_column_inner width=&#8221;1\/3&#8243; css=&#8221;.vc_custom_1411565927939{padding-right: 45px !important;padding-left: 45px !important;}&#8221;][mk_fancy_title tag_name=&#8221;h3&#8243; color=&#8221;#444444&#8243; size=&#8221;24&#8243; txt_transform=&#8221;none&#8221; margin_bottom=&#8221;0&#8243; font_family=&#8221;none&#8221; align=&#8221;center&#8221;]L.T.L. 0 -9999lbs =<br \/>\n[\/mk_fancy_title][mk_chart percent=&#8221;20&#8243; line_width=&#8221;20&#8243; bar_size=&#8221;220&#8243; content_type=&#8221;custom_text&#8221; custom_text=&#8221;20%&#8221; custom_text_size=&#8221;24&#8243;][\/vc_column_inner][vc_column_inner width=&#8221;1\/3&#8243; css=&#8221;.vc_custom_1411565941381{padding-right: 45px !important;padding-left: 45px !important;}&#8221;][mk_fancy_title tag_name=&#8221;h3&#8243; color=&#8221;#444444&#8243; size=&#8221;24&#8243; txt_transform=&#8221;none&#8221; margin_bottom=&#8221;0&#8243; font_family=&#8221;none&#8221; align=&#8221;center&#8221;]L.T.L. 10 000lbs and + =[\/mk_fancy_title][mk_chart percent=&#8221;40&#8243; line_width=&#8221;20&#8243; bar_size=&#8221;220&#8243; content_type=&#8221;custom_text&#8221; custom_text=&#8221;40%&#8221; custom_text_size=&#8221;24&#8243;][\/vc_column_inner][vc_column_inner width=&#8221;1\/6&#8243; css=&#8221;.vc_custom_1411565934607{padding-right: 45px !important;padding-left: 45px !important;}&#8221;][\/vc_column_inner][\/vc_row_inner][\/vc_column][\/vc_row][mk_page_section bg_color=&#8221;#000000&#8243; attachment=&#8221;fixed&#8221; bg_position=&#8221;center center&#8221; bg_repeat=&#8221;no-repeat&#8221; bg_stretch=&#8221;true&#8221; video_color_mask=&#8221;#001e3d&#8221; full_width=&#8221;true&#8221; padding_top=&#8221;110&#8243; padding_bottom=&#8221;110&#8243; sidebar=&#8221;sidebar-1&#8243; first_page=&#8221;false&#8221; last_page=&#8221;false&#8221;][vc_column][mk_fancy_title tag_name=&#8221;h4&#8243; color=&#8221;#ffffff&#8221; size=&#8221;30&#8243; txt_transform=&#8221;none&#8221; margin_bottom=&#8221;0&#8243; font_family=&#8221;none&#8221; align=&#8221;center&#8221;]URGENT pickup and delivery service<br \/>\n[\/mk_fancy_title][mk_fancy_title tag_name=&#8221;h5&#8243; color=&#8221;rgba(255,255,255,0.5)&#8221; size=&#8221;16&#8243; txt_transform=&#8221;none&#8221; margin_top=&#8221;30&#8243; margin_bottom=&#8221;60&#8243; font_family=&#8221;none&#8221; align=&#8221;center&#8221;]You can verify our availability and rely on us for the transport of merchandise of any kind that needs to be delivered as soon as possible.<br \/>\n[\/mk_fancy_title][\/vc_column][\/mk_page_section][mk_page_section bg_image=&#8221;http:\/\/theorettransport.com\/wp-content\/uploads\/2021\/02\/camion-theoret-transport.jpg&#8221; attachment=&#8221;fixed&#8221; bg_position=&#8221;center top&#8221; bg_repeat=&#8221;no-repeat&#8221; bg_stretch=&#8221;true&#8221; video_color_mask=&#8221;#0a1e3f&#8221; video_opacity=&#8221;0.5&#8243; full_width=&#8221;true&#8221; padding_top=&#8221;180&#8243; padding_bottom=&#8221;180&#8243; sidebar=&#8221;sidebar-1&#8243; first_page=&#8221;false&#8221; last_page=&#8221;false&#8221;][vc_column][mk_fancy_title tag_name=&#8221;h4&#8243; color=&#8221;#ffffff&#8221; size=&#8221;30&#8243; txt_transform=&#8221;none&#8221; margin_bottom=&#8221;0&#8243; font_family=&#8221;none&#8221; align=&#8221;center&#8221;]Would you like to know the cost of the service you need?<br \/>\n[\/mk_fancy_title][mk_fancy_title tag_name=&#8221;h5&#8243; color=&#8221;#ffffff&#8221; size=&#8221;16&#8243; txt_transform=&#8221;none&#8221; margin_top=&#8221;30&#8243; margin_bottom=&#8221;60&#8243; font_family=&#8221;none&#8221; align=&#8221;center&#8221;]Ask for a free estimate or a bill of lading!<br \/>\n[\/mk_fancy_title][vc_row_inner][vc_column_inner width=&#8221;1\/4&#8243;][\/vc_column_inner][vc_column_inner width=&#8221;1\/4&#8243;][mk_button dimension=&#8221;flat&#8221; corner_style=&#8221;rounded&#8221; size=&#8221;large&#8221; url=&#8221;\/contact-us\/&#8221; align=&#8221;center&#8221; margin_bottom=&#8221;0&#8243;]FREE QUOTE[\/mk_button][\/vc_column_inner][vc_column_inner width=&#8221;1\/4&#8243;][mk_button dimension=&#8221;flat&#8221; corner_style=&#8221;rounded&#8221; size=&#8221;large&#8221; url=&#8221;tel:+18009905502&#8243; align=&#8221;center&#8221; margin_bottom=&#8221;0&#8243;]1 800-990\u20115502[\/mk_button][\/vc_column_inner][vc_column_inner width=&#8221;1\/4&#8243;][\/vc_column_inner][\/vc_row_inner][\/vc_column][\/mk_page_section]\n<\/div>","protected":false},"excerpt":{"rendered":"<p>[mk_page_section bg_image=&#8221;http:\/\/theorettransport.com\/wp-content\/uploads\/2021\/02\/camion-theoret-transport-opt.jpg&#8221; attachment=&#8221;fixed&#8221; bg_position=&#8221;center center&#8221; bg_repeat=&#8221;no-repeat&#8221; bg_stretch=&#8221;true&#8221; video_color_mask=&#8221;#3f3f3f&#8221; video_opacity=&#8221;0.55&#8243; min_height=&#8221;500&#8243; js_vertical_centered=&#8221;true&#8221; padding_top=&#8221;90&#8243; padding_bottom=&#8221;90&#8243; sidebar=&#8221;sidebar-1&#8243;][vc_column][mk_fancy_title color=&#8221;#ffffff&#8221; size=&#8221;42&#8243; force_font_size=&#8221;true&#8221; size_tablet=&#8221;38&#8243; size_phone=&#8221;32&#8243; font_weight=&#8221;bold&#8221; txt_transform=&#8221;uppercase&#8221; margin_bottom=&#8221;0&#8243; font_family=&#8221;none&#8221; align=&#8221;center&#8221;]WHEN YOU NEED ON-TIME DELIVERY SERVICE, YOU CAN COUNT ON TH\u00c9OR\u00caT TRANSPORT INC.[\/mk_fancy_title][mk_button dimension=&#8221;flat&#8221; corner_style=&#8221;rounded&#8221; size=&#8221;large&#8221; url=&#8221;http:\/\/theorettransport.com\/wp-content\/uploads\/formulaire_tt_v8.pdf&#8221; align=&#8221;center&#8221; margin_bottom=&#8221;0&#8243;]PLACE AN ORDER[\/mk_button][\/vc_column][\/mk_page_section][mk_page_section bg_color=&#8221;#f5f6f7&#8243; padding_top=&#8221;105&#8243; padding_bottom=&#8221;105&#8243; sidebar=&#8221;sidebar-1&#8243; first_page=&#8221;false&#8221; last_page=&#8221;false&#8221;][vc_column][mk_fancy_title tag_name=&#8221;h3&#8243; color=&#8221;#444444&#8243; size=&#8221;34&#8243; force_font_size=&#8221;true&#8221; size_phone=&#8221;30&#8243; [&hellip;]<\/p>\n","protected":false},"author":1,"featured_media":0,"parent":0,"menu_order":0,"comment_status":"open","ping_status":"open","template":"","meta":{"footnotes":""},"class_list":["post-6039","page","type-page","status-publish","hentry"],"yoast_head":"<!-- This site is optimized with the Yoast SEO plugin v27.3 - https:\/\/yoast.com\/product\/yoast-seo-wordpress\/ -->\n<title>General transport and minor moves | Th\u00e9or\u00eat Transport Inc.<\/title>\n<meta name=\"description\" content=\"Th\u00e9or\u00eat Transport Inc., specialists in same-day delivery and LTL shipping in Montreal, Quebec, Ontario and the Canadian West. (514) 990-5502\" \/>\n<meta name=\"robots\" content=\"index, follow, max-snippet:-1, max-image-preview:large, max-video-preview:-1\" \/>\n<link rel=\"canonical\" href=\"https:\/\/theorettransport.com\/en\/transport-services\/\" \/>\n<meta property=\"og:locale\" content=\"en_US\" \/>\n<meta property=\"og:type\" content=\"article\" \/>\n<meta property=\"og:title\" content=\"General transport and minor moves | Th\u00e9or\u00eat Transport Inc.\" \/>\n<meta property=\"og:description\" content=\"Th\u00e9or\u00eat Transport Inc., specialists in same-day delivery and LTL shipping in Montreal, Quebec, Ontario and the Canadian West. (514) 990-5502\" \/>\n<meta property=\"og:url\" content=\"https:\/\/theorettransport.com\/en\/transport-services\/\" \/>\n<meta property=\"og:site_name\" content=\"Th\u00e9or\u00eat Transport Inc.\" \/>\n<meta property=\"article:modified_time\" content=\"2021-05-18T16:17:23+00:00\" \/>\n<meta name=\"twitter:card\" content=\"summary_large_image\" \/>\n<meta name=\"twitter:label1\" content=\"Est. reading time\" \/>\n\t<meta name=\"twitter:data1\" content=\"3 minutes\" \/>\n<script type=\"application\/ld+json\" class=\"yoast-schema-graph\">{\"@context\":\"https:\\\/\\\/schema.org\",\"@graph\":[{\"@type\":\"WebPage\",\"@id\":\"https:\\\/\\\/theorettransport.com\\\/en\\\/transport-services\\\/\",\"url\":\"https:\\\/\\\/theorettransport.com\\\/en\\\/transport-services\\\/\",\"name\":\"General transport and minor moves | Th\u00e9or\u00eat Transport Inc.\",\"isPartOf\":{\"@id\":\"https:\\\/\\\/theorettransport.com\\\/#website\"},\"datePublished\":\"2014-09-24T13:12:16+00:00\",\"dateModified\":\"2021-05-18T16:17:23+00:00\",\"description\":\"Th\u00e9or\u00eat Transport Inc., specialists in same-day delivery and LTL shipping in Montreal, Quebec, Ontario and the Canadian West. (514) 990-5502\",\"breadcrumb\":{\"@id\":\"https:\\\/\\\/theorettransport.com\\\/en\\\/transport-services\\\/#breadcrumb\"},\"inLanguage\":\"en-US\",\"potentialAction\":[{\"@type\":\"ReadAction\",\"target\":[\"https:\\\/\\\/theorettransport.com\\\/en\\\/transport-services\\\/\"]}]},{\"@type\":\"BreadcrumbList\",\"@id\":\"https:\\\/\\\/theorettransport.com\\\/en\\\/transport-services\\\/#breadcrumb\",\"itemListElement\":[{\"@type\":\"ListItem\",\"position\":1,\"name\":\"Accueil\",\"item\":\"https:\\\/\\\/theorettransport.com\\\/en\\\/\"},{\"@type\":\"ListItem\",\"position\":2,\"name\":\"Transport services\"}]},{\"@type\":\"WebSite\",\"@id\":\"https:\\\/\\\/theorettransport.com\\\/#website\",\"url\":\"https:\\\/\\\/theorettransport.com\\\/\",\"name\":\"Th\u00e9or\u00eat Transport Inc.\",\"description\":\"\",\"potentialAction\":[{\"@type\":\"SearchAction\",\"target\":{\"@type\":\"EntryPoint\",\"urlTemplate\":\"https:\\\/\\\/theorettransport.com\\\/?s={search_term_string}\"},\"query-input\":{\"@type\":\"PropertyValueSpecification\",\"valueRequired\":true,\"valueName\":\"search_term_string\"}}],\"inLanguage\":\"en-US\"}]}<\/script>\n<!-- \/ Yoast SEO plugin. -->","yoast_head_json":{"title":"General transport and minor moves | Th\u00e9or\u00eat Transport Inc.","description":"Th\u00e9or\u00eat Transport Inc., specialists in same-day delivery and LTL shipping in Montreal, Quebec, Ontario and the Canadian West. (514) 990-5502","robots":{"index":"index","follow":"follow","max-snippet":"max-snippet:-1","max-image-preview":"max-image-preview:large","max-video-preview":"max-video-preview:-1"},"canonical":"https:\/\/theorettransport.com\/en\/transport-services\/","og_locale":"en_US","og_type":"article","og_title":"General transport and minor moves | Th\u00e9or\u00eat Transport Inc.","og_description":"Th\u00e9or\u00eat Transport Inc., specialists in same-day delivery and LTL shipping in Montreal, Quebec, Ontario and the Canadian West. (514) 990-5502","og_url":"https:\/\/theorettransport.com\/en\/transport-services\/","og_site_name":"Th\u00e9or\u00eat Transport Inc.","article_modified_time":"2021-05-18T16:17:23+00:00","twitter_card":"summary_large_image","twitter_misc":{"Est. reading time":"3 minutes"},"schema":{"@context":"https:\/\/schema.org","@graph":[{"@type":"WebPage","@id":"https:\/\/theorettransport.com\/en\/transport-services\/","url":"https:\/\/theorettransport.com\/en\/transport-services\/","name":"General transport and minor moves | Th\u00e9or\u00eat Transport Inc.","isPartOf":{"@id":"https:\/\/theorettransport.com\/#website"},"datePublished":"2014-09-24T13:12:16+00:00","dateModified":"2021-05-18T16:17:23+00:00","description":"Th\u00e9or\u00eat Transport Inc., specialists in same-day delivery and LTL shipping in Montreal, Quebec, Ontario and the Canadian West. (514) 990-5502","breadcrumb":{"@id":"https:\/\/theorettransport.com\/en\/transport-services\/#breadcrumb"},"inLanguage":"en-US","potentialAction":[{"@type":"ReadAction","target":["https:\/\/theorettransport.com\/en\/transport-services\/"]}]},{"@type":"BreadcrumbList","@id":"https:\/\/theorettransport.com\/en\/transport-services\/#breadcrumb","itemListElement":[{"@type":"ListItem","position":1,"name":"Accueil","item":"https:\/\/theorettransport.com\/en\/"},{"@type":"ListItem","position":2,"name":"Transport services"}]},{"@type":"WebSite","@id":"https:\/\/theorettransport.com\/#website","url":"https:\/\/theorettransport.com\/","name":"Th\u00e9or\u00eat Transport Inc.","description":"","potentialAction":[{"@type":"SearchAction","target":{"@type":"EntryPoint","urlTemplate":"https:\/\/theorettransport.com\/?s={search_term_string}"},"query-input":{"@type":"PropertyValueSpecification","valueRequired":true,"valueName":"search_term_string"}}],"inLanguage":"en-US"}]}},"_links":{"self":[{"href":"https:\/\/theorettransport.com\/en\/wp-json\/wp\/v2\/pages\/6039","targetHints":{"allow":["GET"]}}],"collection":[{"href":"https:\/\/theorettransport.com\/en\/wp-json\/wp\/v2\/pages"}],"about":[{"href":"https:\/\/theorettransport.com\/en\/wp-json\/wp\/v2\/types\/page"}],"author":[{"embeddable":true,"href":"https:\/\/theorettransport.com\/en\/wp-json\/wp\/v2\/users\/1"}],"replies":[{"embeddable":true,"href":"https:\/\/theorettransport.com\/en\/wp-json\/wp\/v2\/comments?post=6039"}],"version-history":[{"count":6,"href":"https:\/\/theorettransport.com\/en\/wp-json\/wp\/v2\/pages\/6039\/revisions"}],"predecessor-version":[{"id":6781,"href":"https:\/\/theorettransport.com\/en\/wp-json\/wp\/v2\/pages\/6039\/revisions\/6781"}],"wp:attachment":[{"href":"https:\/\/theorettransport.com\/en\/wp-json\/wp\/v2\/media?parent=6039"}],"curies":[{"name":"wp","href":"https:\/\/api.w.org\/{rel}","templated":true}]}}