{"id":6038,"date":"2014-09-24T13:12:03","date_gmt":"2014-09-24T13:12:03","guid":{"rendered":"http:\/\/www.dev.theorettransport.com\/contactez-nous\/"},"modified":"2021-05-18T11:18:53","modified_gmt":"2021-05-18T16:18:53","slug":"contact-us","status":"publish","type":"page","link":"https:\/\/theorettransport.com\/en\/contact-us\/","title":{"rendered":"Contact-us"},"content":{"rendered":"<div class=\"wpb-content-wrapper\">[vc_row][vc_column css=&#8221;.vc_custom_1411650158204{padding-top: 135px !important;padding-bottom: 105px !important;}&#8221;][vc_row_inner][vc_column_inner width=&#8221;1\/3&#8243;][mk_fancy_title tag_name=&#8221;h4&#8243; color=&#8221;#333333&#8243; size=&#8221;20&#8243; txt_transform=&#8221;none&#8221; margin_bottom=&#8221;18&#8243; font_family=&#8221;none&#8221;]<img decoding=\"async\" src=\"http:\/\/theorettransport.com\/wp-content\/uploads\/logo-theoret-transport-300w-opt.png\" \/><br \/>\n[\/mk_fancy_title][vc_column_text css=&#8221;.vc_custom_1616520710545{margin-bottom: 0px !important;}&#8221;]Vaudreuil-Dorion<br \/>\nPhone: <a href=\"tel:+15149905502\">(514) 990-5502<\/a><br \/>\nToll free : <a href=\"tel:+18009905502\">1 800-990\u20115502<\/a><br \/>\nEmail: <a href=\"mailto:info@theorettransport.com\">info@theorettransport.com<\/a><\/p>\n<p><strong>Opening hours<\/strong><br \/>\nMonday to Friday : 7:00 a.m. to 6:00 p.m.<br \/>\nSaturday and Sunday : on call[\/vc_column_text][\/vc_column_inner][vc_column_inner width=&#8221;2\/3&#8243;][vc_column_text css=&#8221;.vc_custom_1616520622734{margin-bottom: 0px !important;}&#8221;]<strong>For further information or to get a free estimate, leave us a brief message including your contact information, and we\u2019ll get back to you as soon as possible.<\/strong>[\/vc_column_text]\n<div class=\"wpcf7 no-js\" id=\"wpcf7-f6070-o1\" lang=\"fr-FR\" dir=\"ltr\" data-wpcf7-id=\"6070\">\n<div class=\"screen-reader-response\"><p role=\"status\" aria-live=\"polite\" aria-atomic=\"true\"><\/p> <ul><\/ul><\/div>\n<form action=\"\/en\/wp-json\/wp\/v2\/pages\/6038#wpcf7-f6070-o1\" method=\"post\" class=\"wpcf7-form init\" aria-label=\"Formulaire de contact\" enctype=\"multipart\/form-data\" novalidate=\"novalidate\" data-status=\"init\">\n<fieldset class=\"hidden-fields-container\"><input type=\"hidden\" name=\"_wpcf7\" value=\"6070\" \/><input type=\"hidden\" name=\"_wpcf7_version\" value=\"6.1.5\" \/><input type=\"hidden\" name=\"_wpcf7_locale\" value=\"fr_FR\" \/><input type=\"hidden\" name=\"_wpcf7_unit_tag\" value=\"wpcf7-f6070-o1\" \/><input type=\"hidden\" name=\"_wpcf7_container_post\" value=\"0\" \/><input type=\"hidden\" name=\"_wpcf7_posted_data_hash\" value=\"\" \/><input type=\"hidden\" name=\"_wpcf7_recaptcha_response\" value=\"\" \/>\n<\/fieldset>\n<p><span class=\"wpcf7-form-control-wrap\" data-name=\"your-name\"><input size=\"40\" maxlength=\"400\" class=\"wpcf7-form-control wpcf7-text wpcf7-validates-as-required\" aria-required=\"true\" aria-invalid=\"false\" placeholder=\"First and last name*\" value=\"\" type=\"text\" name=\"your-name\" \/><\/span><br \/>\n<span class=\"wpcf7-form-control-wrap\" data-name=\"your-email\"><input size=\"40\" maxlength=\"400\" class=\"wpcf7-form-control wpcf7-email wpcf7-validates-as-required wpcf7-text wpcf7-validates-as-email\" aria-required=\"true\" aria-invalid=\"false\" placeholder=\"Email*\" value=\"\" type=\"email\" name=\"your-email\" \/><\/span><br \/>\n<span class=\"wpcf7-form-control-wrap\" data-name=\"your-tel\"><input size=\"40\" maxlength=\"400\" class=\"wpcf7-form-control wpcf7-tel wpcf7-validates-as-required wpcf7-text wpcf7-validates-as-tel\" aria-required=\"true\" aria-invalid=\"false\" placeholder=\"Phone*\" value=\"\" type=\"tel\" name=\"your-tel\" \/><\/span><br \/>\n<span class=\"wpcf7-form-control-wrap\" data-name=\"your-message\"><textarea cols=\"40\" rows=\"10\" maxlength=\"2000\" class=\"wpcf7-form-control wpcf7-textarea wpcf7-validates-as-required\" aria-required=\"true\" aria-invalid=\"false\" placeholder=\"Message*\" name=\"your-message\"><\/textarea><\/span><br \/>\n<strong>Attachments<\/strong><br \/>\n<span class=\"wpcf7-form-control-wrap\" data-name=\"your-file\"><input size=\"40\" class=\"wpcf7-form-control wpcf7-file\" accept=\"audio\/*,video\/*,image\/*\" aria-invalid=\"false\" type=\"file\" name=\"your-file\" \/><\/span><br \/>\n<input class=\"wpcf7-form-control wpcf7-submit has-spinner\" type=\"submit\" value=\"Submit\" \/><br \/>\n<script>\ndocument.addEventListener( 'wpcf7mailsent', function( event ) {\n location = 'https:\/\/theorettransport.com\/en\/thank-you\/';\n}, false );\n<\/script>\n<\/p><div class=\"wpcf7-response-output\" aria-hidden=\"true\"><\/div>\n<\/form>\n<\/div>\n[\/vc_column_inner][\/vc_row_inner][\/vc_column][\/vc_row][vc_row fullwidth=&#8221;true&#8221; attached=&#8221;true&#8221; padding=&#8221;0&#8243;][vc_column css=&#8221;.vc_custom_1613589765818{padding-top: 100px !important;padding-bottom: 100px !important;background-color: #000000 !important;}&#8221;][mk_fancy_title tag_name=&#8221;h1&#8243; color=&#8221;#ffffff&#8221; size=&#8221;30&#8243; txt_transform=&#8221;none&#8221; margin_bottom=&#8221;0&#8243; font_family=&#8221;none&#8221; align=&#8221;center&#8221;]CONTACT TH\u00c9OR\u00caT TRANSPORT INC.<br \/>\nWe serve the following areas:<br \/>\nMontreal, Quebec, Ontario, the Canadian West and the Maritimes<br \/>\n[\/mk_fancy_title][vc_column_text align=&#8221;center&#8221; css=&#8221;.vc_custom_1616520810061{margin-bottom: 0px !important;}&#8221;]<span style=\"color: #ffffff;\">o place an order or submit a request to have merchandise picked up<\/span>[\/vc_column_text][mk_button dimension=&#8221;flat&#8221; corner_style=&#8221;rounded&#8221; size=&#8221;large&#8221; url=&#8221;http:\/\/theorettransport.com\/wp-content\/uploads\/formulaire_tt_v8.pdf&#8221; align=&#8221;center&#8221;]PLACE AN ORDER[\/mk_button][\/vc_column][\/vc_row][vc_row fullwidth=&#8221;true&#8221; attached=&#8221;true&#8221; padding=&#8221;0&#8243; css=&#8221;.vc_custom_1613589932479{margin-top: 0px !important;margin-right: 0px !important;margin-bottom: 0px !important;margin-left: 0px !important;border-top-width: 0px !important;border-right-width: 0px !important;border-bottom-width: 0px !important;border-left-width: 0px !important;padding-top: 0px !important;padding-right: 0px !important;padding-bottom: 0px !important;padding-left: 0px !important;}&#8221;][vc_column css=&#8221;.vc_custom_1613589922700{margin-top: 0px !important;margin-right: 0px !important;margin-bottom: 0px !important;margin-left: 0px !important;border-top-width: 0px !important;border-right-width: 0px !important;border-bottom-width: 0px !important;border-left-width: 0px !important;padding-top: 0px !important;padding-right: 0px !important;padding-bottom: 0px !important;padding-left: 0px !important;}&#8221;][vc_gmaps link=&#8221;#E-8_JTNDaWZyYW1lJTIwc3JjJTNEJTIyaHR0cHMlM0ElMkYlMkZ3d3cuZ29vZ2xlLmNvbSUyRm1hcHMlMkZlbWJlZCUzRnBiJTNEJTIxMW0xNCUyMTFtOCUyMTFtMyUyMTFkMTAyMDY5NDAuNzY5MzM2MzclMjEyZC0xMDguMzE3NDgyMDg5NzA0NjQlMjEzZDUxLjM0OTIxODA0NzgxOTgyJTIxM20yJTIxMWkxMDI0JTIxMmk3NjglMjE0ZjEzLjElMjEzbTMlMjExbTIlMjExczB4MCUyNTNBMHg1NjI5NmQzY2NmYTg0ZTliJTIxMnNUaCUyNUMzJTI1QTlvciUyNUMzJTI1QUF0JTI1MjBUcmFuc3BvcnQlMjUyMGluYyUyMTVlMCUyMTNtMiUyMTFzZnIlMjEyc2NhJTIxNHYxNjE2MDczMDI3MzUzJTIxNW0yJTIxMXNmciUyMTJzY2ElMjIlMjB3aWR0aCUzRCUyMjYwMCUyMiUyMGhlaWdodCUzRCUyMjQ1MCUyMiUyMHN0eWxlJTNEJTIyYm9yZGVyJTNBMCUzQiUyMiUyMGFsbG93ZnVsbHNjcmVlbiUzRCUyMiUyMiUyMGxvYWRpbmclM0QlMjJsYXp5JTIyJTNFJTNDJTJGaWZyYW1lJTNF&#8221; css=&#8221;.vc_custom_1616073042129{margin-top: 0px !important;margin-right: 0px !important;margin-bottom: 0px !important;margin-left: 0px !important;border-top-width: 0px !important;border-right-width: 0px !important;border-bottom-width: 0px !important;border-left-width: 0px !important;padding-top: 0px !important;padding-right: 0px !important;padding-bottom: 0px !important;padding-left: 0px !important;}&#8221;][\/vc_column][\/vc_row]\n<\/div>","protected":false},"excerpt":{"rendered":"<p>[vc_row][vc_column css=&#8221;.vc_custom_1411650158204{padding-top: 135px !important;padding-bottom: 105px !important;}&#8221;][vc_row_inner][vc_column_inner width=&#8221;1\/3&#8243;][mk_fancy_title tag_name=&#8221;h4&#8243; color=&#8221;#333333&#8243; size=&#8221;20&#8243; txt_transform=&#8221;none&#8221; margin_bottom=&#8221;18&#8243; font_family=&#8221;none&#8221;] [\/mk_fancy_title][vc_column_text css=&#8221;.vc_custom_1616520710545{margin-bottom: 0px !important;}&#8221;]Vaudreuil-Dorion Phone: (514) 990-5502 Toll free : 1 800-990\u20115502 Email: info@theorettransport.com Opening hours Monday to Friday : 7:00 a.m. to 6:00 p.m. Saturday and Sunday : on call[\/vc_column_text][\/vc_column_inner][vc_column_inner width=&#8221;2\/3&#8243;][vc_column_text css=&#8221;.vc_custom_1616520622734{margin-bottom: 0px !important;}&#8221;]For further information or to get a free [&hellip;]<\/p>\n","protected":false},"author":1,"featured_media":0,"parent":0,"menu_order":0,"comment_status":"open","ping_status":"open","template":"","meta":{"footnotes":""},"class_list":["post-6038","page","type-page","status-publish","hentry"],"yoast_head":"<!-- This site is optimized with the Yoast SEO plugin v27.5 - https:\/\/yoast.com\/product\/yoast-seo-wordpress\/ -->\n<title>Transport of all types of merchandise | Th\u00e9or\u00eat Transport Inc.<\/title>\n<meta name=\"description\" content=\"Contact Th\u00e9or\u00eat Transport Inc. for the transport of merchandise in Montreal, Quebec, Ontario and the Canadian West. (514) 990-5502\" \/>\n<meta name=\"robots\" content=\"index, follow, max-snippet:-1, max-image-preview:large, max-video-preview:-1\" \/>\n<link rel=\"canonical\" href=\"https:\/\/theorettransport.com\/en\/contact-us\/\" \/>\n<meta property=\"og:locale\" content=\"en_US\" \/>\n<meta property=\"og:type\" content=\"article\" \/>\n<meta property=\"og:title\" content=\"Transport of all types of merchandise | Th\u00e9or\u00eat Transport Inc.\" \/>\n<meta property=\"og:description\" content=\"Contact Th\u00e9or\u00eat Transport Inc. for the transport of merchandise in Montreal, Quebec, Ontario and the Canadian West. (514) 990-5502\" \/>\n<meta property=\"og:url\" content=\"https:\/\/theorettransport.com\/en\/contact-us\/\" \/>\n<meta property=\"og:site_name\" content=\"Th\u00e9or\u00eat Transport Inc.\" \/>\n<meta property=\"article:modified_time\" content=\"2021-05-18T16:18:53+00:00\" \/>\n<meta property=\"og:image\" content=\"http:\/\/theorettransport.com\/wp-content\/uploads\/logo-theoret-transport-300w-opt.png\" \/>\n<meta name=\"twitter:card\" content=\"summary_large_image\" \/>\n<meta name=\"twitter:label1\" content=\"Est. reading time\" \/>\n\t<meta name=\"twitter:data1\" content=\"2 minutes\" \/>\n<script type=\"application\/ld+json\" class=\"yoast-schema-graph\">{\"@context\":\"https:\\\/\\\/schema.org\",\"@graph\":[{\"@type\":\"WebPage\",\"@id\":\"https:\\\/\\\/theorettransport.com\\\/en\\\/contact-us\\\/\",\"url\":\"https:\\\/\\\/theorettransport.com\\\/en\\\/contact-us\\\/\",\"name\":\"Transport of all types of merchandise | Th\u00e9or\u00eat Transport Inc.\",\"isPartOf\":{\"@id\":\"https:\\\/\\\/theorettransport.com\\\/#website\"},\"primaryImageOfPage\":{\"@id\":\"https:\\\/\\\/theorettransport.com\\\/en\\\/contact-us\\\/#primaryimage\"},\"image\":{\"@id\":\"https:\\\/\\\/theorettransport.com\\\/en\\\/contact-us\\\/#primaryimage\"},\"thumbnailUrl\":\"http:\\\/\\\/theorettransport.com\\\/wp-content\\\/uploads\\\/logo-theoret-transport-300w-opt.png\",\"datePublished\":\"2014-09-24T13:12:03+00:00\",\"dateModified\":\"2021-05-18T16:18:53+00:00\",\"description\":\"Contact Th\u00e9or\u00eat Transport Inc. for the transport of merchandise in Montreal, Quebec, Ontario and the Canadian West. (514) 990-5502\",\"breadcrumb\":{\"@id\":\"https:\\\/\\\/theorettransport.com\\\/en\\\/contact-us\\\/#breadcrumb\"},\"inLanguage\":\"en-US\",\"potentialAction\":[{\"@type\":\"ReadAction\",\"target\":[\"https:\\\/\\\/theorettransport.com\\\/en\\\/contact-us\\\/\"]}]},{\"@type\":\"ImageObject\",\"inLanguage\":\"en-US\",\"@id\":\"https:\\\/\\\/theorettransport.com\\\/en\\\/contact-us\\\/#primaryimage\",\"url\":\"http:\\\/\\\/theorettransport.com\\\/wp-content\\\/uploads\\\/logo-theoret-transport-300w-opt.png\",\"contentUrl\":\"http:\\\/\\\/theorettransport.com\\\/wp-content\\\/uploads\\\/logo-theoret-transport-300w-opt.png\"},{\"@type\":\"BreadcrumbList\",\"@id\":\"https:\\\/\\\/theorettransport.com\\\/en\\\/contact-us\\\/#breadcrumb\",\"itemListElement\":[{\"@type\":\"ListItem\",\"position\":1,\"name\":\"Accueil\",\"item\":\"https:\\\/\\\/theorettransport.com\\\/en\\\/\"},{\"@type\":\"ListItem\",\"position\":2,\"name\":\"Contact-us\"}]},{\"@type\":\"WebSite\",\"@id\":\"https:\\\/\\\/theorettransport.com\\\/#website\",\"url\":\"https:\\\/\\\/theorettransport.com\\\/\",\"name\":\"Th\u00e9or\u00eat Transport Inc.\",\"description\":\"\",\"potentialAction\":[{\"@type\":\"SearchAction\",\"target\":{\"@type\":\"EntryPoint\",\"urlTemplate\":\"https:\\\/\\\/theorettransport.com\\\/?s={search_term_string}\"},\"query-input\":{\"@type\":\"PropertyValueSpecification\",\"valueRequired\":true,\"valueName\":\"search_term_string\"}}],\"inLanguage\":\"en-US\"}]}<\/script>\n<!-- \/ Yoast SEO plugin. -->","yoast_head_json":{"title":"Transport of all types of merchandise | Th\u00e9or\u00eat Transport Inc.","description":"Contact Th\u00e9or\u00eat Transport Inc. for the transport of merchandise in Montreal, Quebec, Ontario and the Canadian West. (514) 990-5502","robots":{"index":"index","follow":"follow","max-snippet":"max-snippet:-1","max-image-preview":"max-image-preview:large","max-video-preview":"max-video-preview:-1"},"canonical":"https:\/\/theorettransport.com\/en\/contact-us\/","og_locale":"en_US","og_type":"article","og_title":"Transport of all types of merchandise | Th\u00e9or\u00eat Transport Inc.","og_description":"Contact Th\u00e9or\u00eat Transport Inc. for the transport of merchandise in Montreal, Quebec, Ontario and the Canadian West. (514) 990-5502","og_url":"https:\/\/theorettransport.com\/en\/contact-us\/","og_site_name":"Th\u00e9or\u00eat Transport Inc.","article_modified_time":"2021-05-18T16:18:53+00:00","og_image":[{"url":"http:\/\/theorettransport.com\/wp-content\/uploads\/logo-theoret-transport-300w-opt.png","type":"","width":"","height":""}],"twitter_card":"summary_large_image","twitter_misc":{"Est. reading time":"2 minutes"},"schema":{"@context":"https:\/\/schema.org","@graph":[{"@type":"WebPage","@id":"https:\/\/theorettransport.com\/en\/contact-us\/","url":"https:\/\/theorettransport.com\/en\/contact-us\/","name":"Transport of all types of merchandise | Th\u00e9or\u00eat Transport Inc.","isPartOf":{"@id":"https:\/\/theorettransport.com\/#website"},"primaryImageOfPage":{"@id":"https:\/\/theorettransport.com\/en\/contact-us\/#primaryimage"},"image":{"@id":"https:\/\/theorettransport.com\/en\/contact-us\/#primaryimage"},"thumbnailUrl":"http:\/\/theorettransport.com\/wp-content\/uploads\/logo-theoret-transport-300w-opt.png","datePublished":"2014-09-24T13:12:03+00:00","dateModified":"2021-05-18T16:18:53+00:00","description":"Contact Th\u00e9or\u00eat Transport Inc. for the transport of merchandise in Montreal, Quebec, Ontario and the Canadian West. (514) 990-5502","breadcrumb":{"@id":"https:\/\/theorettransport.com\/en\/contact-us\/#breadcrumb"},"inLanguage":"en-US","potentialAction":[{"@type":"ReadAction","target":["https:\/\/theorettransport.com\/en\/contact-us\/"]}]},{"@type":"ImageObject","inLanguage":"en-US","@id":"https:\/\/theorettransport.com\/en\/contact-us\/#primaryimage","url":"http:\/\/theorettransport.com\/wp-content\/uploads\/logo-theoret-transport-300w-opt.png","contentUrl":"http:\/\/theorettransport.com\/wp-content\/uploads\/logo-theoret-transport-300w-opt.png"},{"@type":"BreadcrumbList","@id":"https:\/\/theorettransport.com\/en\/contact-us\/#breadcrumb","itemListElement":[{"@type":"ListItem","position":1,"name":"Accueil","item":"https:\/\/theorettransport.com\/en\/"},{"@type":"ListItem","position":2,"name":"Contact-us"}]},{"@type":"WebSite","@id":"https:\/\/theorettransport.com\/#website","url":"https:\/\/theorettransport.com\/","name":"Th\u00e9or\u00eat Transport Inc.","description":"","potentialAction":[{"@type":"SearchAction","target":{"@type":"EntryPoint","urlTemplate":"https:\/\/theorettransport.com\/?s={search_term_string}"},"query-input":{"@type":"PropertyValueSpecification","valueRequired":true,"valueName":"search_term_string"}}],"inLanguage":"en-US"}]}},"_links":{"self":[{"href":"https:\/\/theorettransport.com\/en\/wp-json\/wp\/v2\/pages\/6038","targetHints":{"allow":["GET"]}}],"collection":[{"href":"https:\/\/theorettransport.com\/en\/wp-json\/wp\/v2\/pages"}],"about":[{"href":"https:\/\/theorettransport.com\/en\/wp-json\/wp\/v2\/types\/page"}],"author":[{"embeddable":true,"href":"https:\/\/theorettransport.com\/en\/wp-json\/wp\/v2\/users\/1"}],"replies":[{"embeddable":true,"href":"https:\/\/theorettransport.com\/en\/wp-json\/wp\/v2\/comments?post=6038"}],"version-history":[{"count":4,"href":"https:\/\/theorettransport.com\/en\/wp-json\/wp\/v2\/pages\/6038\/revisions"}],"predecessor-version":[{"id":6784,"href":"https:\/\/theorettransport.com\/en\/wp-json\/wp\/v2\/pages\/6038\/revisions\/6784"}],"wp:attachment":[{"href":"https:\/\/theorettransport.com\/en\/wp-json\/wp\/v2\/media?parent=6038"}],"curies":[{"name":"wp","href":"https:\/\/api.w.org\/{rel}","templated":true}]}}