{"id":6037,"date":"2014-09-24T13:09:40","date_gmt":"2014-09-24T13:09:40","guid":{"rendered":"http:\/\/www.dev.theorettransport.com\/home\/"},"modified":"2021-07-07T11:23:25","modified_gmt":"2021-07-07T16:23:25","slug":"home","status":"publish","type":"page","link":"https:\/\/theorettransport.com\/en\/","title":{"rendered":"Home"},"content":{"rendered":"<div class=\"wpb-content-wrapper\">[mk_page_section bg_image=&#8221;http:\/\/theorettransport.com\/wp-content\/uploads\/2021\/02\/camion-theoret-transport-opt.jpg&#8221; attachment=&#8221;fixed&#8221; bg_position=&#8221;center center&#8221; bg_repeat=&#8221;no-repeat&#8221; bg_stretch=&#8221;true&#8221; video_color_mask=&#8221;#3f3f3f&#8221; video_opacity=&#8221;0.55&#8243; min_height=&#8221;500&#8243; js_vertical_centered=&#8221;true&#8221; padding_top=&#8221;90&#8243; padding_bottom=&#8221;90&#8243; sidebar=&#8221;sidebar-1&#8243;][vc_column][mk_fancy_title color=&#8221;#ffffff&#8221; size=&#8221;42&#8243; force_font_size=&#8221;true&#8221; size_tablet=&#8221;38&#8243; size_phone=&#8221;32&#8243; font_weight=&#8221;bold&#8221; txt_transform=&#8221;uppercase&#8221; margin_bottom=&#8221;0&#8243; font_family=&#8221;none&#8221; align=&#8221;center&#8221;]GENERAL TRANSPORT<br \/>\nFOR ON-TIME DELIVERIES<br \/>\nMONTREAL, QUEBEC, ONTARIO,<br \/>\nTHE CANADIAN WEST AND THE MARITIMES<br \/>\n[\/mk_fancy_title][mk_button dimension=&#8221;flat&#8221; corner_style=&#8221;rounded&#8221; size=&#8221;large&#8221; url=&#8221;http:\/\/theorettransport.com\/wp-content\/uploads\/formulaire_tt_v8.pdf&#8221; align=&#8221;center&#8221; margin_bottom=&#8221;0&#8243;]PLACE AN ORDER<br \/>\n[\/mk_button][\/vc_column][\/mk_page_section][vc_row][vc_column css=&#8221;.vc_custom_1411644205333{padding-top: 95px !important;padding-bottom: 120px !important;}&#8221;][mk_fancy_title tag_name=&#8221;h3&#8243; size=&#8221;34&#8243; txt_transform=&#8221;none&#8221; margin_bottom=&#8221;60&#8243; font_family=&#8221;none&#8221; align=&#8221;center&#8221;]Transport service tailored to your needs[\/mk_fancy_title][vc_row_inner padding=&#8221;1&#8243;][vc_column_inner width=&#8221;1\/2&#8243;][vc_column_text css=&#8221;.vc_custom_1616519463599{margin-bottom: 0px !important;}&#8221;]For years, Th\u00e9or\u00eat Transport Inc. has been shipping a wide range of merchandise for numerous clients. Thanks to our vast fleet of trucks of all sizes, we can offer you flexible service that\u2019s adapted to your needs. Whether you\u2019re an individual or a company, we can transport your merchandise efficiently with meticulous attention to detail. Our network of reliable professional owner-operator drivers meet and exceed the expectations of our clients in Montreal and throughout Quebec, Ontario and the Canadian West. We also specialize in same-day local deliveries and LTL shipping.[\/vc_column_text][\/vc_column_inner][vc_column_inner width=&#8221;1\/2&#8243;][vc_column_text css=&#8221;.vc_custom_1616519473644{margin-bottom: 0px !important;}&#8221;]At Th\u00e9or\u00eat Transport Inc., we offer numerous transport services to meet the needs of clients of all different types. We provide service that\u2019s prompt, efficient and professional, whether for general transport, URGENT pickups and deliveries or the transport of pharmaceuticals, hazardous materials, packages, pallets, full loads or partial loads (LTL or \u201cless-than-truckload\u201d shipping).<\/p>\n<p>Thanks to our trucks of all different types, including straight trucks with hydraulic tailgates, we can offer your additional services, including the sale of used pallets.<br \/>\n[\/vc_column_text][\/vc_column_inner][\/vc_row_inner][\/vc_column][\/vc_row][mk_page_section bg_image=&#8221;http:\/\/theorettransport.com\/wp-content\/uploads\/2021\/02\/camion-theoret-transport-opt.jpg&#8221; attachment=&#8221;fixed&#8221; bg_position=&#8221;center center&#8221; bg_repeat=&#8221;no-repeat&#8221; bg_stretch=&#8221;true&#8221; video_color_mask=&#8221;#001e3d&#8221; full_width=&#8221;true&#8221; padding_top=&#8221;110&#8243; padding_bottom=&#8221;110&#8243; sidebar=&#8221;sidebar-1&#8243; first_page=&#8221;false&#8221; last_page=&#8221;false&#8221;][vc_column][mk_fancy_title tag_name=&#8221;h4&#8243; color=&#8221;#ffffff&#8221; size=&#8221;30&#8243; txt_transform=&#8221;none&#8221; margin_bottom=&#8221;0&#8243; font_family=&#8221;none&#8221; align=&#8221;center&#8221;]Urgent delivery service<br \/>\n[\/mk_fancy_title][mk_fancy_title tag_name=&#8221;h5&#8243; color=&#8221;rgba(255,255,255,0.5)&#8221; size=&#8221;16&#8243; txt_transform=&#8221;none&#8221; margin_top=&#8221;30&#8243; margin_bottom=&#8221;0&#8243; font_family=&#8221;none&#8221; align=&#8221;center&#8221;]<span style=\"color: #ffffff;\">Gr\u00e2ce \u00e0 notre vaste flotte de camions de toutes dimensions et \u00e0 nos services flexibles, nous vous offrons des livraisons le m\u00eame jour localement.<\/span>[\/mk_fancy_title][\/vc_column][\/mk_page_section][vc_row fullwidth=&#8221;true&#8221;][vc_column css=&#8221;.vc_custom_1411565631425{padding-top: 90px !important;padding-bottom: 100px !important;}&#8221;][mk_fancy_title tag_name=&#8221;h3&#8243; size=&#8221;34&#8243; txt_transform=&#8221;none&#8221; margin_bottom=&#8221;60&#8243; font_family=&#8221;none&#8221; align=&#8221;center&#8221;]OUR SERVICES[\/mk_fancy_title][vc_row_inner padding=&#8221;0&#8243;][vc_column_inner width=&#8221;1\/12&#8243;][\/vc_column_inner][vc_column_inner width=&#8221;1\/6&#8243;][mk_icon_box2 icon_type=&#8221;image&#8221; icon_size=&#8221;128&#8243; icon_image=&#8221;http:\/\/theorettransport.com\/wp-content\/uploads\/transport-general-opt.jpg&#8221; title=&#8221;General transport&#8221; title_color=&#8221;#333333&#8243; title_top_padding=&#8221;35&#8243; title_bottom_padding=&#8221;40&#8243; read_more_url=&#8221;\/service-transport\/&#8221;]For the transport of all types of merchandise, we offer you reliable, high-quality service.[\/mk_icon_box2][mk_padding_divider size=&#8221;45&#8243; visibility=&#8221;hidden-sm&#8221;][\/vc_column_inner][vc_column_inner width=&#8221;1\/6&#8243;][mk_icon_box2 icon_type=&#8221;image&#8221; icon_size=&#8221;128&#8243; icon_image=&#8221;http:\/\/theorettransport.com\/wp-content\/uploads\/palette-opt.jpg&#8221; title=&#8221;Pallet transport&#8221; title_color=&#8221;#333333&#8243; title_top_padding=&#8221;35&#8243; title_bottom_padding=&#8221;40&#8243; read_more_url=&#8221;\/service-transport\/&#8221;]All of our trucks are equipped with tailgate lifts, enabling us to transport a variety of merchandise on pallets.[\/mk_icon_box2][\/vc_column_inner][vc_column_inner width=&#8221;1\/6&#8243;][mk_icon_box2 icon_type=&#8221;image&#8221; icon_size=&#8221;128&#8243; icon_image=&#8221;http:\/\/theorettransport.com\/wp-content\/uploads\/truck-311298_960_720-min-opt.jpg&#8221; title=&#8221;Full-load transport&#8221; title_color=&#8221;#333333&#8243; title_top_padding=&#8221;35&#8243; title_bottom_padding=&#8221;40&#8243; read_more_url=&#8221;\/service-transport\/&#8221;]Our truck drivers sometimes head out with a full load bound for a single client.[\/mk_icon_box2][mk_padding_divider size=&#8221;20&#8243; visibility=&#8221;hidden-sm&#8221;][mk_button dimension=&#8221;flat&#8221; corner_style=&#8221;rounded&#8221; size=&#8221;medium&#8221; url=&#8221;\/transport-services\/&#8221; align=&#8221;center&#8221; margin_top=&#8221;35&#8243; margin_bottom=&#8221;0&#8243; margin_right=&#8221;0&#8243; bg_color=&#8221;#efd50f&#8221; btn_hover_bg=&#8221;#efd50f&#8221; text_color=&#8221;dark&#8221; btn_hover_txt_color=&#8221;#000000&#8243;]LEARN MORE[\/mk_button][\/vc_column_inner][vc_column_inner width=&#8221;1\/6&#8243;][mk_icon_box2 icon_type=&#8221;image&#8221; icon_size=&#8221;128&#8243; icon_image=&#8221;http:\/\/theorettransport.com\/wp-content\/uploads\/medical-logo-opt.jpg&#8221; title=&#8221;Pharmaceutical transport&#8221; title_color=&#8221;#333333&#8243; title_top_padding=&#8221;35&#8243; title_bottom_padding=&#8221;40&#8243; read_more_url=&#8221;\/service-transport\/&#8221;]For the transport of pharmaceutical merchandise, we offer you service that\u2019s tailored to your needs.[\/mk_icon_box2][mk_padding_divider size=&#8221;20&#8243; visibility=&#8221;hidden-sm&#8221;][\/vc_column_inner][vc_column_inner width=&#8221;1\/6&#8243;][mk_icon_box2 icon_type=&#8221;image&#8221; icon_size=&#8221;128&#8243; icon_image=&#8221;http:\/\/theorettransport.com\/wp-content\/uploads\/transport-matiere-dangeureuse-min-opt.jpg&#8221; title=&#8221;Transport of hazardous materials&#8221; title_color=&#8221;#333333&#8243; title_top_padding=&#8221;35&#8243; title_bottom_padding=&#8221;40&#8243; read_more_url=&#8221;\/service-transport\/&#8221;]All of our drivers are licensed to transport hazardous materials.[\/mk_icon_box2][\/vc_column_inner][vc_column_inner width=&#8221;1\/12&#8243;][\/vc_column_inner][\/vc_row_inner][\/vc_column][\/vc_row][mk_page_section bg_image=&#8221;http:\/\/theorettransport.com\/wp-content\/uploads\/2021\/02\/camion-theoret-transport.jpg&#8221; bg_position=&#8221;center top&#8221; bg_repeat=&#8221;no-repeat&#8221; bg_stretch=&#8221;true&#8221; video_color_mask=&#8221;#0a1e3f&#8221; video_opacity=&#8221;0.5&#8243; full_width=&#8221;true&#8221; padding_top=&#8221;180&#8243; padding_bottom=&#8221;180&#8243; sidebar=&#8221;sidebar-1&#8243; first_page=&#8221;false&#8221; last_page=&#8221;false&#8221;][vc_column][mk_fancy_title tag_name=&#8221;h4&#8243; color=&#8221;#ffffff&#8221; size=&#8221;30&#8243; txt_transform=&#8221;none&#8221; margin_bottom=&#8221;0&#8243; font_family=&#8221;none&#8221; align=&#8221;center&#8221;]Do you need to have merchandise transported?[\/mk_fancy_title][mk_fancy_title tag_name=&#8221;h5&#8243; color=&#8221;#ffffff&#8221; size=&#8221;16&#8243; txt_transform=&#8221;none&#8221; margin_top=&#8221;30&#8243; margin_bottom=&#8221;60&#8243; font_family=&#8221;none&#8221; align=&#8221;center&#8221;]You can count on Th\u00e9or\u00eat Transport Inc. for transport services of every kind.<br \/>\n[\/mk_fancy_title][mk_button dimension=&#8221;flat&#8221; corner_style=&#8221;rounded&#8221; size=&#8221;large&#8221; url=&#8221;\/contact-us\/&#8221; align=&#8221;center&#8221; margin_bottom=&#8221;0&#8243;]REQUEST A QUOTE[\/mk_button][\/vc_column][\/mk_page_section]\n<\/div>","protected":false},"excerpt":{"rendered":"<p>[mk_page_section bg_image=&#8221;http:\/\/theorettransport.com\/wp-content\/uploads\/2021\/02\/camion-theoret-transport-opt.jpg&#8221; attachment=&#8221;fixed&#8221; bg_position=&#8221;center center&#8221; bg_repeat=&#8221;no-repeat&#8221; bg_stretch=&#8221;true&#8221; video_color_mask=&#8221;#3f3f3f&#8221; video_opacity=&#8221;0.55&#8243; min_height=&#8221;500&#8243; js_vertical_centered=&#8221;true&#8221; padding_top=&#8221;90&#8243; padding_bottom=&#8221;90&#8243; sidebar=&#8221;sidebar-1&#8243;][vc_column][mk_fancy_title color=&#8221;#ffffff&#8221; size=&#8221;42&#8243; force_font_size=&#8221;true&#8221; size_tablet=&#8221;38&#8243; size_phone=&#8221;32&#8243; font_weight=&#8221;bold&#8221; txt_transform=&#8221;uppercase&#8221; margin_bottom=&#8221;0&#8243; font_family=&#8221;none&#8221; align=&#8221;center&#8221;]GENERAL TRANSPORT FOR ON-TIME DELIVERIES MONTREAL, QUEBEC, ONTARIO, THE CANADIAN WEST AND THE MARITIMES [\/mk_fancy_title][mk_button dimension=&#8221;flat&#8221; corner_style=&#8221;rounded&#8221; size=&#8221;large&#8221; url=&#8221;http:\/\/theorettransport.com\/wp-content\/uploads\/formulaire_tt_v8.pdf&#8221; align=&#8221;center&#8221; margin_bottom=&#8221;0&#8243;]PLACE AN ORDER [\/mk_button][\/vc_column][\/mk_page_section][vc_row][vc_column css=&#8221;.vc_custom_1411644205333{padding-top: 95px !important;padding-bottom: 120px !important;}&#8221;][mk_fancy_title tag_name=&#8221;h3&#8243; size=&#8221;34&#8243; txt_transform=&#8221;none&#8221; [&hellip;]<\/p>\n","protected":false},"author":1,"featured_media":0,"parent":0,"menu_order":0,"comment_status":"open","ping_status":"open","template":"","meta":{"footnotes":""},"class_list":["post-6037","page","type-page","status-publish","hentry"],"yoast_head":"<!-- This site is optimized with the Yoast SEO plugin v27.3 - https:\/\/yoast.com\/product\/yoast-seo-wordpress\/ -->\n<title>General transport and minor moves | Th\u00e9or\u00eat Transport Inc.<\/title>\n<meta name=\"description\" content=\"Th\u00e9or\u00eat Transport Inc., specialists in same-day delivery and LTL shipping in Montreal, Quebec, Ontario and the Canadian West. (514) 990-5502\" \/>\n<meta name=\"robots\" content=\"index, follow, max-snippet:-1, max-image-preview:large, max-video-preview:-1\" \/>\n<link rel=\"canonical\" href=\"https:\/\/theorettransport.com\/en\/\" \/>\n<meta property=\"og:locale\" content=\"en_US\" \/>\n<meta property=\"og:type\" content=\"article\" \/>\n<meta property=\"og:title\" content=\"General transport and minor moves | Th\u00e9or\u00eat Transport Inc.\" \/>\n<meta property=\"og:description\" content=\"Th\u00e9or\u00eat Transport Inc., specialists in same-day delivery and LTL shipping in Montreal, Quebec, Ontario and the Canadian West. (514) 990-5502\" \/>\n<meta property=\"og:url\" content=\"https:\/\/theorettransport.com\/en\/\" \/>\n<meta property=\"og:site_name\" content=\"Th\u00e9or\u00eat Transport Inc.\" \/>\n<meta property=\"article:modified_time\" content=\"2021-07-07T16:23:25+00:00\" \/>\n<meta name=\"twitter:card\" content=\"summary_large_image\" \/>\n<meta name=\"twitter:label1\" content=\"Est. reading time\" \/>\n\t<meta name=\"twitter:data1\" content=\"3 minutes\" \/>\n<script type=\"application\/ld+json\" class=\"yoast-schema-graph\">{\"@context\":\"https:\\\/\\\/schema.org\",\"@graph\":[{\"@type\":\"WebPage\",\"@id\":\"https:\\\/\\\/theorettransport.com\\\/en\\\/\",\"url\":\"https:\\\/\\\/theorettransport.com\\\/en\\\/\",\"name\":\"General transport and minor moves | Th\u00e9or\u00eat Transport Inc.\",\"isPartOf\":{\"@id\":\"https:\\\/\\\/theorettransport.com\\\/#website\"},\"datePublished\":\"2014-09-24T13:09:40+00:00\",\"dateModified\":\"2021-07-07T16:23:25+00:00\",\"description\":\"Th\u00e9or\u00eat Transport Inc., specialists in same-day delivery and LTL shipping in Montreal, Quebec, Ontario and the Canadian West. (514) 990-5502\",\"breadcrumb\":{\"@id\":\"https:\\\/\\\/theorettransport.com\\\/en\\\/#breadcrumb\"},\"inLanguage\":\"en-US\",\"potentialAction\":[{\"@type\":\"ReadAction\",\"target\":[\"https:\\\/\\\/theorettransport.com\\\/en\\\/\"]}]},{\"@type\":\"BreadcrumbList\",\"@id\":\"https:\\\/\\\/theorettransport.com\\\/en\\\/#breadcrumb\",\"itemListElement\":[{\"@type\":\"ListItem\",\"position\":1,\"name\":\"Accueil\",\"item\":\"https:\\\/\\\/theorettransport.com\\\/en\\\/\"},{\"@type\":\"ListItem\",\"position\":2,\"name\":\"Home\"}]},{\"@type\":\"WebSite\",\"@id\":\"https:\\\/\\\/theorettransport.com\\\/#website\",\"url\":\"https:\\\/\\\/theorettransport.com\\\/\",\"name\":\"Th\u00e9or\u00eat Transport Inc.\",\"description\":\"\",\"potentialAction\":[{\"@type\":\"SearchAction\",\"target\":{\"@type\":\"EntryPoint\",\"urlTemplate\":\"https:\\\/\\\/theorettransport.com\\\/?s={search_term_string}\"},\"query-input\":{\"@type\":\"PropertyValueSpecification\",\"valueRequired\":true,\"valueName\":\"search_term_string\"}}],\"inLanguage\":\"en-US\"}]}<\/script>\n<!-- \/ Yoast SEO plugin. -->","yoast_head_json":{"title":"General transport and minor moves | Th\u00e9or\u00eat Transport Inc.","description":"Th\u00e9or\u00eat Transport Inc., specialists in same-day delivery and LTL shipping in Montreal, Quebec, Ontario and the Canadian West. (514) 990-5502","robots":{"index":"index","follow":"follow","max-snippet":"max-snippet:-1","max-image-preview":"max-image-preview:large","max-video-preview":"max-video-preview:-1"},"canonical":"https:\/\/theorettransport.com\/en\/","og_locale":"en_US","og_type":"article","og_title":"General transport and minor moves | Th\u00e9or\u00eat Transport Inc.","og_description":"Th\u00e9or\u00eat Transport Inc., specialists in same-day delivery and LTL shipping in Montreal, Quebec, Ontario and the Canadian West. (514) 990-5502","og_url":"https:\/\/theorettransport.com\/en\/","og_site_name":"Th\u00e9or\u00eat Transport Inc.","article_modified_time":"2021-07-07T16:23:25+00:00","twitter_card":"summary_large_image","twitter_misc":{"Est. reading time":"3 minutes"},"schema":{"@context":"https:\/\/schema.org","@graph":[{"@type":"WebPage","@id":"https:\/\/theorettransport.com\/en\/","url":"https:\/\/theorettransport.com\/en\/","name":"General transport and minor moves | Th\u00e9or\u00eat Transport Inc.","isPartOf":{"@id":"https:\/\/theorettransport.com\/#website"},"datePublished":"2014-09-24T13:09:40+00:00","dateModified":"2021-07-07T16:23:25+00:00","description":"Th\u00e9or\u00eat Transport Inc., specialists in same-day delivery and LTL shipping in Montreal, Quebec, Ontario and the Canadian West. (514) 990-5502","breadcrumb":{"@id":"https:\/\/theorettransport.com\/en\/#breadcrumb"},"inLanguage":"en-US","potentialAction":[{"@type":"ReadAction","target":["https:\/\/theorettransport.com\/en\/"]}]},{"@type":"BreadcrumbList","@id":"https:\/\/theorettransport.com\/en\/#breadcrumb","itemListElement":[{"@type":"ListItem","position":1,"name":"Accueil","item":"https:\/\/theorettransport.com\/en\/"},{"@type":"ListItem","position":2,"name":"Home"}]},{"@type":"WebSite","@id":"https:\/\/theorettransport.com\/#website","url":"https:\/\/theorettransport.com\/","name":"Th\u00e9or\u00eat Transport Inc.","description":"","potentialAction":[{"@type":"SearchAction","target":{"@type":"EntryPoint","urlTemplate":"https:\/\/theorettransport.com\/?s={search_term_string}"},"query-input":{"@type":"PropertyValueSpecification","valueRequired":true,"valueName":"search_term_string"}}],"inLanguage":"en-US"}]}},"_links":{"self":[{"href":"https:\/\/theorettransport.com\/en\/wp-json\/wp\/v2\/pages\/6037","targetHints":{"allow":["GET"]}}],"collection":[{"href":"https:\/\/theorettransport.com\/en\/wp-json\/wp\/v2\/pages"}],"about":[{"href":"https:\/\/theorettransport.com\/en\/wp-json\/wp\/v2\/types\/page"}],"author":[{"embeddable":true,"href":"https:\/\/theorettransport.com\/en\/wp-json\/wp\/v2\/users\/1"}],"replies":[{"embeddable":true,"href":"https:\/\/theorettransport.com\/en\/wp-json\/wp\/v2\/comments?post=6037"}],"version-history":[{"count":6,"href":"https:\/\/theorettransport.com\/en\/wp-json\/wp\/v2\/pages\/6037\/revisions"}],"predecessor-version":[{"id":7143,"href":"https:\/\/theorettransport.com\/en\/wp-json\/wp\/v2\/pages\/6037\/revisions\/7143"}],"wp:attachment":[{"href":"https:\/\/theorettransport.com\/en\/wp-json\/wp\/v2\/media?parent=6037"}],"curies":[{"name":"wp","href":"https:\/\/api.w.org\/{rel}","templated":true}]}}