{"id":6036,"date":"2014-09-24T13:09:49","date_gmt":"2014-09-24T13:09:49","guid":{"rendered":"http:\/\/www.dev.theorettransport.com\/a-propos\/"},"modified":"2021-03-23T17:22:31","modified_gmt":"2021-03-23T17:22:31","slug":"about-us","status":"publish","type":"page","link":"https:\/\/theorettransport.com\/en\/about-us\/","title":{"rendered":"About us"},"content":{"rendered":"<div class=\"wpb-content-wrapper\">[mk_page_section bg_image=&#8221;http:\/\/theorettransport.com\/wp-content\/uploads\/2021\/02\/camion-theoret-transport-opt.jpg&#8221; attachment=&#8221;fixed&#8221; bg_position=&#8221;center center&#8221; bg_repeat=&#8221;no-repeat&#8221; bg_stretch=&#8221;true&#8221; video_color_mask=&#8221;#3f3f3f&#8221; video_opacity=&#8221;0.55&#8243; min_height=&#8221;500&#8243; js_vertical_centered=&#8221;true&#8221; padding_top=&#8221;90&#8243; padding_bottom=&#8221;90&#8243; sidebar=&#8221;sidebar-1&#8243;][vc_column][mk_fancy_title color=&#8221;#ffffff&#8221; size=&#8221;42&#8243; force_font_size=&#8221;true&#8221; size_tablet=&#8221;38&#8243; size_phone=&#8221;32&#8243; font_weight=&#8221;bold&#8221; txt_transform=&#8221;uppercase&#8221; margin_bottom=&#8221;0&#8243; font_family=&#8221;none&#8221; align=&#8221;center&#8221;]An experienced team[\/mk_fancy_title][\/vc_column][\/mk_page_section][vc_row][vc_column css=&#8221;.vc_custom_1411644205333{padding-top: 95px !important;padding-bottom: 120px !important;}&#8221;][mk_fancy_title tag_name=&#8221;h3&#8243; color=&#8221;#444444&#8243; size=&#8221;34&#8243; force_font_size=&#8221;true&#8221; size_phone=&#8221;30&#8243; txt_transform=&#8221;none&#8221; margin_bottom=&#8221;60&#8243; font_family=&#8221;none&#8221; align=&#8221;center&#8221;]About us[\/mk_fancy_title][vc_row_inner padding=&#8221;1&#8243;][vc_column_inner width=&#8221;1\/3&#8243;][vc_column_text css=&#8221;.vc_custom_1616520054374{margin-bottom: 0px !important;}&#8221;]Since 1981, Luc Th\u00e9or\u00eat has traveled thousands of kilometers, crisscrossing the roads of Quebec, carrying merchandise of every kind to its destination. He drove for a transport and delivery company until 1984, when he founded his own company, Gestion Luc Th\u00e9or\u00eat Inc.[\/vc_column_text][\/vc_column_inner][vc_column_inner width=&#8221;1\/3&#8243;][vc_column_text css=&#8221;.vc_custom_1616520062645{margin-bottom: 0px !important;}&#8221;]A few years later, Th\u00e9or\u00eat Transport was born. Over the years, a number of new services have been implemented to complement the company\u2019s general transport service. Today, the company has agents throughout Quebec and Ontario and owns a full range of vehicles to meet a variety of different shipping and transport needs.[\/vc_column_text][\/vc_column_inner][vc_column_inner width=&#8221;1\/3&#8243;][vc_column_text css=&#8221;.vc_custom_1616520069796{margin-bottom: 0px !important;}&#8221;]Waiting for an order is often nerve-wracking. It always seems to take too long. But with Th\u00e9or\u00eat Transport, the wait will be short, and your delivery will arrive right on schedule. When you entrust the transport of your merchandise to us, our flexibility will enable us to meet and even exceed your expectations, while our reliability will ensure your peace of mind.[\/vc_column_text][\/vc_column_inner][\/vc_row_inner][mk_padding_divider][mk_image src=&#8221;http:\/\/theorettransport.com\/wp-content\/uploads\/2021\/02\/luc-bureau-transport-theoret-555h-opt.jpg&#8221; image_size=&#8221;full&#8221; svg=&#8221;true&#8221; frame_style=&#8221;gray_border&#8221; align=&#8221;center&#8221;][\/vc_column][\/vc_row][mk_page_section bg_color=&#8221;#f5f6f7&#8243; padding_top=&#8221;100&#8243; padding_bottom=&#8221;115&#8243; sidebar=&#8221;sidebar-1&#8243; first_page=&#8221;false&#8221; last_page=&#8221;false&#8221;][vc_column width=&#8221;1\/6&#8243;][\/vc_column][vc_column width=&#8221;2\/3&#8243;][vc_raw_html]JTNDc2NyaXB0JTIwc3JjJTNEJTIyaHR0cHMlM0ElMkYlMkZmYXN0Lndpc3RpYS5jb20lMkZlbWJlZCUyRm1lZGlhcyUyRnVjaGNlNHl2a2YuanNvbnAlMjIlMjBhc3luYyUzRSUzQyUyRnNjcmlwdCUzRSUzQ3NjcmlwdCUyMHNyYyUzRCUyMmh0dHBzJTNBJTJGJTJGZmFzdC53aXN0aWEuY29tJTJGYXNzZXRzJTJGZXh0ZXJuYWwlMkZFLXYxLmpzJTIyJTIwYXN5bmMlM0UlM0MlMkZzY3JpcHQlM0UlM0NkaXYlMjBjbGFzcyUzRCUyMndpc3RpYV9yZXNwb25zaXZlX3BhZGRpbmclMjIlMjBzdHlsZSUzRCUyMnBhZGRpbmclM0E1Ni4yNSUyNSUyMDAlMjAwJTIwMCUzQnBvc2l0aW9uJTNBcmVsYXRpdmUlM0IlMjIlM0UlM0NkaXYlMjBjbGFzcyUzRCUyMndpc3RpYV9yZXNwb25zaXZlX3dyYXBwZXIlMjIlMjBzdHlsZSUzRCUyMmhlaWdodCUzQTEwMCUyNSUzQmxlZnQlM0EwJTNCcG9zaXRpb24lM0FhYnNvbHV0ZSUzQnRvcCUzQTAlM0J3aWR0aCUzQTEwMCUyNSUzQiUyMiUzRSUzQ2RpdiUyMGNsYXNzJTNEJTIyd2lzdGlhX2VtYmVkJTIwd2lzdGlhX2FzeW5jX3VjaGNlNHl2a2YlMjB2aWRlb0ZvYW0lM0R0cnVlJTIyJTIwc3R5bGUlM0QlMjJoZWlnaHQlM0ExMDAlMjUlM0Jwb3NpdGlvbiUzQXJlbGF0aXZlJTNCd2lkdGglM0ExMDAlMjUlMjIlM0UlM0NkaXYlMjBjbGFzcyUzRCUyMndpc3RpYV9zd2F0Y2glMjIlMjBzdHlsZSUzRCUyMmhlaWdodCUzQTEwMCUyNSUzQmxlZnQlM0EwJTNCb3BhY2l0eSUzQTAlM0JvdmVyZmxvdyUzQWhpZGRlbiUzQnBvc2l0aW9uJTNBYWJzb2x1dGUlM0J0b3AlM0EwJTNCdHJhbnNpdGlvbiUzQW9wYWNpdHklMjAyMDBtcyUzQndpZHRoJTNBMTAwJTI1JTNCJTIyJTNFJTNDaW1nJTIwc3JjJTNEJTIyaHR0cHMlM0ElMkYlMkZmYXN0Lndpc3RpYS5jb20lMkZlbWJlZCUyRm1lZGlhcyUyRnVjaGNlNHl2a2YlMkZzd2F0Y2glMjIlMjBzdHlsZSUzRCUyMmZpbHRlciUzQWJsdXIlMjg1cHglMjklM0JoZWlnaHQlM0ExMDAlMjUlM0JvYmplY3QtZml0JTNBY29udGFpbiUzQndpZHRoJTNBMTAwJTI1JTNCJTIyJTIwYWx0JTNEJTIyJTIyJTIwYXJpYS1oaWRkZW4lM0QlMjJ0cnVlJTIyJTIwb25sb2FkJTNEJTIydGhpcy5wYXJlbnROb2RlLnN0eWxlLm9wYWNpdHklM0QxJTNCJTIyJTIwJTJGJTNFJTNDJTJGZGl2JTNFJTNDJTJGZGl2JTNFJTNDJTJGZGl2JTNFJTNDJTJGZGl2JTNF[\/vc_raw_html][\/vc_column][vc_column width=&#8221;1\/6&#8243;][\/vc_column][\/mk_page_section][vc_row fullwidth=&#8221;true&#8221; attached=&#8221;true&#8221; padding=&#8221;0&#8243;][vc_column][mk_slideshow_box images=&#8221;5879,5901&#8243; slideshow_speed=&#8221;5000&#8243; overlay=&#8221;rgba(80,90,95,0.4)&#8221; section_height=&#8221;710&#8243; padding_top=&#8221;200&#8243; padding_bottom=&#8221;200&#8243; img_position=&#8221;center center&#8221;][mk_fancy_title tag_name=&#8221;h4&#8243; color=&#8221;#ffffff&#8221; size=&#8221;46&#8243; txt_transform=&#8221;none&#8221; margin_top=&#8221;125&#8243; margin_bottom=&#8221;0&#8243; font_family=&#8221;none&#8221; align=&#8221;center&#8221;]TH\u00c9OR\u00caT TRANSPORT INC.<br \/>\n[\/mk_fancy_title][mk_button dimension=&#8221;flat&#8221; size=&#8221;x-large&#8221; url=&#8221;tel:+18009905502&#8243; align=&#8221;center&#8221; bg_color=&#8221;#ffffff&#8221; btn_hover_bg=&#8221;rgba(255,255,255,0.9)&#8221; text_color=&#8221;dark&#8221; btn_hover_txt_color=&#8221;#b42f1e&#8221;]1 800-990\u20115502[\/mk_button][\/mk_slideshow_box][\/vc_column][\/vc_row]\n<\/div>","protected":false},"excerpt":{"rendered":"<p>[mk_page_section bg_image=&#8221;http:\/\/theorettransport.com\/wp-content\/uploads\/2021\/02\/camion-theoret-transport-opt.jpg&#8221; attachment=&#8221;fixed&#8221; bg_position=&#8221;center center&#8221; bg_repeat=&#8221;no-repeat&#8221; bg_stretch=&#8221;true&#8221; video_color_mask=&#8221;#3f3f3f&#8221; video_opacity=&#8221;0.55&#8243; min_height=&#8221;500&#8243; js_vertical_centered=&#8221;true&#8221; padding_top=&#8221;90&#8243; padding_bottom=&#8221;90&#8243; sidebar=&#8221;sidebar-1&#8243;][vc_column][mk_fancy_title color=&#8221;#ffffff&#8221; size=&#8221;42&#8243; force_font_size=&#8221;true&#8221; size_tablet=&#8221;38&#8243; size_phone=&#8221;32&#8243; font_weight=&#8221;bold&#8221; txt_transform=&#8221;uppercase&#8221; margin_bottom=&#8221;0&#8243; font_family=&#8221;none&#8221; align=&#8221;center&#8221;]An experienced team[\/mk_fancy_title][\/vc_column][\/mk_page_section][vc_row][vc_column css=&#8221;.vc_custom_1411644205333{padding-top: 95px !important;padding-bottom: 120px !important;}&#8221;][mk_fancy_title tag_name=&#8221;h3&#8243; color=&#8221;#444444&#8243; size=&#8221;34&#8243; force_font_size=&#8221;true&#8221; size_phone=&#8221;30&#8243; txt_transform=&#8221;none&#8221; margin_bottom=&#8221;60&#8243; font_family=&#8221;none&#8221; align=&#8221;center&#8221;]About us[\/mk_fancy_title][vc_row_inner padding=&#8221;1&#8243;][vc_column_inner width=&#8221;1\/3&#8243;][vc_column_text css=&#8221;.vc_custom_1616520054374{margin-bottom: 0px !important;}&#8221;]Since 1981, Luc Th\u00e9or\u00eat has traveled thousands of kilometers, crisscrossing [&hellip;]<\/p>\n","protected":false},"author":1,"featured_media":0,"parent":0,"menu_order":0,"comment_status":"open","ping_status":"open","template":"","meta":{"footnotes":""},"class_list":["post-6036","page","type-page","status-publish","hentry"],"yoast_head":"<!-- This site is optimized with the Yoast SEO plugin v27.3 - https:\/\/yoast.com\/product\/yoast-seo-wordpress\/ -->\n<title>A team of experienced drivers | Th\u00e9or\u00eat Transport Inc.<\/title>\n<meta name=\"description\" content=\"The team of reliable, qualified professional drivers at Th\u00e9or\u00eat Transport Inc. can provide transport for a wide variety of merchandise. (514) 990-5502\" \/>\n<meta name=\"robots\" content=\"index, follow, max-snippet:-1, max-image-preview:large, max-video-preview:-1\" \/>\n<link rel=\"canonical\" href=\"https:\/\/theorettransport.com\/en\/about-us\/\" \/>\n<meta property=\"og:locale\" content=\"en_US\" \/>\n<meta property=\"og:type\" content=\"article\" \/>\n<meta property=\"og:title\" content=\"A team of experienced drivers | Th\u00e9or\u00eat Transport Inc.\" \/>\n<meta property=\"og:description\" content=\"The team of reliable, qualified professional drivers at Th\u00e9or\u00eat Transport Inc. can provide transport for a wide variety of merchandise. (514) 990-5502\" \/>\n<meta property=\"og:url\" content=\"https:\/\/theorettransport.com\/en\/about-us\/\" \/>\n<meta property=\"og:site_name\" content=\"Th\u00e9or\u00eat Transport Inc.\" \/>\n<meta property=\"article:modified_time\" content=\"2021-03-23T17:22:31+00:00\" \/>\n<meta name=\"twitter:card\" content=\"summary_large_image\" \/>\n<meta name=\"twitter:label1\" content=\"Est. reading time\" \/>\n\t<meta name=\"twitter:data1\" content=\"2 minutes\" \/>\n<script type=\"application\/ld+json\" class=\"yoast-schema-graph\">{\"@context\":\"https:\\\/\\\/schema.org\",\"@graph\":[{\"@type\":\"WebPage\",\"@id\":\"https:\\\/\\\/theorettransport.com\\\/en\\\/about-us\\\/\",\"url\":\"https:\\\/\\\/theorettransport.com\\\/en\\\/about-us\\\/\",\"name\":\"A team of experienced drivers | Th\u00e9or\u00eat Transport Inc.\",\"isPartOf\":{\"@id\":\"https:\\\/\\\/theorettransport.com\\\/#website\"},\"datePublished\":\"2014-09-24T13:09:49+00:00\",\"dateModified\":\"2021-03-23T17:22:31+00:00\",\"description\":\"The team of reliable, qualified professional drivers at Th\u00e9or\u00eat Transport Inc. can provide transport for a wide variety of merchandise. (514) 990-5502\",\"breadcrumb\":{\"@id\":\"https:\\\/\\\/theorettransport.com\\\/en\\\/about-us\\\/#breadcrumb\"},\"inLanguage\":\"en-US\",\"potentialAction\":[{\"@type\":\"ReadAction\",\"target\":[\"https:\\\/\\\/theorettransport.com\\\/en\\\/about-us\\\/\"]}]},{\"@type\":\"BreadcrumbList\",\"@id\":\"https:\\\/\\\/theorettransport.com\\\/en\\\/about-us\\\/#breadcrumb\",\"itemListElement\":[{\"@type\":\"ListItem\",\"position\":1,\"name\":\"Accueil\",\"item\":\"https:\\\/\\\/theorettransport.com\\\/en\\\/\"},{\"@type\":\"ListItem\",\"position\":2,\"name\":\"About us\"}]},{\"@type\":\"WebSite\",\"@id\":\"https:\\\/\\\/theorettransport.com\\\/#website\",\"url\":\"https:\\\/\\\/theorettransport.com\\\/\",\"name\":\"Th\u00e9or\u00eat Transport Inc.\",\"description\":\"\",\"potentialAction\":[{\"@type\":\"SearchAction\",\"target\":{\"@type\":\"EntryPoint\",\"urlTemplate\":\"https:\\\/\\\/theorettransport.com\\\/?s={search_term_string}\"},\"query-input\":{\"@type\":\"PropertyValueSpecification\",\"valueRequired\":true,\"valueName\":\"search_term_string\"}}],\"inLanguage\":\"en-US\"}]}<\/script>\n<!-- \/ Yoast SEO plugin. -->","yoast_head_json":{"title":"A team of experienced drivers | Th\u00e9or\u00eat Transport Inc.","description":"The team of reliable, qualified professional drivers at Th\u00e9or\u00eat Transport Inc. can provide transport for a wide variety of merchandise. (514) 990-5502","robots":{"index":"index","follow":"follow","max-snippet":"max-snippet:-1","max-image-preview":"max-image-preview:large","max-video-preview":"max-video-preview:-1"},"canonical":"https:\/\/theorettransport.com\/en\/about-us\/","og_locale":"en_US","og_type":"article","og_title":"A team of experienced drivers | Th\u00e9or\u00eat Transport Inc.","og_description":"The team of reliable, qualified professional drivers at Th\u00e9or\u00eat Transport Inc. can provide transport for a wide variety of merchandise. (514) 990-5502","og_url":"https:\/\/theorettransport.com\/en\/about-us\/","og_site_name":"Th\u00e9or\u00eat Transport Inc.","article_modified_time":"2021-03-23T17:22:31+00:00","twitter_card":"summary_large_image","twitter_misc":{"Est. reading time":"2 minutes"},"schema":{"@context":"https:\/\/schema.org","@graph":[{"@type":"WebPage","@id":"https:\/\/theorettransport.com\/en\/about-us\/","url":"https:\/\/theorettransport.com\/en\/about-us\/","name":"A team of experienced drivers | Th\u00e9or\u00eat Transport Inc.","isPartOf":{"@id":"https:\/\/theorettransport.com\/#website"},"datePublished":"2014-09-24T13:09:49+00:00","dateModified":"2021-03-23T17:22:31+00:00","description":"The team of reliable, qualified professional drivers at Th\u00e9or\u00eat Transport Inc. can provide transport for a wide variety of merchandise. (514) 990-5502","breadcrumb":{"@id":"https:\/\/theorettransport.com\/en\/about-us\/#breadcrumb"},"inLanguage":"en-US","potentialAction":[{"@type":"ReadAction","target":["https:\/\/theorettransport.com\/en\/about-us\/"]}]},{"@type":"BreadcrumbList","@id":"https:\/\/theorettransport.com\/en\/about-us\/#breadcrumb","itemListElement":[{"@type":"ListItem","position":1,"name":"Accueil","item":"https:\/\/theorettransport.com\/en\/"},{"@type":"ListItem","position":2,"name":"About us"}]},{"@type":"WebSite","@id":"https:\/\/theorettransport.com\/#website","url":"https:\/\/theorettransport.com\/","name":"Th\u00e9or\u00eat Transport Inc.","description":"","potentialAction":[{"@type":"SearchAction","target":{"@type":"EntryPoint","urlTemplate":"https:\/\/theorettransport.com\/?s={search_term_string}"},"query-input":{"@type":"PropertyValueSpecification","valueRequired":true,"valueName":"search_term_string"}}],"inLanguage":"en-US"}]}},"_links":{"self":[{"href":"https:\/\/theorettransport.com\/en\/wp-json\/wp\/v2\/pages\/6036","targetHints":{"allow":["GET"]}}],"collection":[{"href":"https:\/\/theorettransport.com\/en\/wp-json\/wp\/v2\/pages"}],"about":[{"href":"https:\/\/theorettransport.com\/en\/wp-json\/wp\/v2\/types\/page"}],"author":[{"embeddable":true,"href":"https:\/\/theorettransport.com\/en\/wp-json\/wp\/v2\/users\/1"}],"replies":[{"embeddable":true,"href":"https:\/\/theorettransport.com\/en\/wp-json\/wp\/v2\/comments?post=6036"}],"version-history":[{"count":2,"href":"https:\/\/theorettransport.com\/en\/wp-json\/wp\/v2\/pages\/6036\/revisions"}],"predecessor-version":[{"id":6074,"href":"https:\/\/theorettransport.com\/en\/wp-json\/wp\/v2\/pages\/6036\/revisions\/6074"}],"wp:attachment":[{"href":"https:\/\/theorettransport.com\/en\/wp-json\/wp\/v2\/media?parent=6036"}],"curies":[{"name":"wp","href":"https:\/\/api.w.org\/{rel}","templated":true}]}}